{"id":385,"date":"2016-03-26T11:04:15","date_gmt":"2016-03-26T11:04:15","guid":{"rendered":"http:\/\/oscend.templines.org\/?page_id=385"},"modified":"2026-03-02T18:31:19","modified_gmt":"2026-03-02T21:31:19","slug":"contact-us-1","status":"publish","type":"page","link":"https:\/\/bapm.ar\/?page_id=385","title":{"rendered":"Contacto"},"content":{"rendered":"<div class=\"wpb-content-wrapper\"><p>[vc_row css=\u00bb.vc_custom_1459105373109{padding-bottom: 20px !important;}\u00bb][vc_column width=\u00bb2\/3&#8243;][vc_column_text css=\u00bb.vc_custom_1738574427871{margin-top: -10px !important;}\u00bb]<\/p>\n<h3><strong>\u00bfListo para dar el siguiente paso?<\/strong><\/h3>\n<p>En BAPM, nuestra misi\u00f3n es ofrecer soluciones integrales, eficientes y sostenibles en la gesti\u00f3n de barrios y consorcios. Con m\u00e1s de una d\u00e9cada de trayectoria, hemos consolidado nuestra posici\u00f3n como referentes en el sector, combinando innovaci\u00f3n, tecnolog\u00eda y experiencia para superar las expectativas de nuestros clientes. Cada proyecto que emprendemos est\u00e1 respaldado por un enfoque profesional y una visi\u00f3n estrat\u00e9gica adaptada a las necesidades de cada cliente.<\/p>\n<p>Si llegaste hasta aqu\u00ed, ya conoc\u00e9s qui\u00e9nes somos, c\u00f3mo trabajamos y los valores que nos gu\u00edan. Ahora, queremos conocerte a vos y explorar c\u00f3mo podemos aportar valor a tu proyecto. Nuestro equipo est\u00e1 preparado para analizar tus necesidades espec\u00edficas y presentarte una propuesta personalizada que optimice recursos y garantice resultados de calidad.<\/p>\n<p>Te invitamos a agendar una visita con nosotros para conversar m\u00e1s en detalle. Juntos podemos construir una soluci\u00f3n adaptada a tus objetivos. Contactanos hoy y demos el primer paso hacia una gesti\u00f3n eficiente, profesional y orientada al crecimiento. Estamos a tu disposici\u00f3n.[\/vc_column_text][\/vc_column][vc_column width=\u00bb1\/3&#8243;][vc_gmaps link=\u00bb#E-8_JTNDaWZyYW1lJTIwc3JjJTNEJTIyaHR0cHMlM0ElMkYlMkZ3d3cuZ29vZ2xlLmNvbSUyRm1hcHMlMkZlbWJlZCUzRnBiJTNEJTIxMW0xOCUyMTFtMTIlMjExbTMlMjExZDM5MDEuMDEwODQ0NzEwMDk4NCUyMTJkLTU4LjU5MzkxNTglMjEzZC0zNC40ODU5NTE3JTIxMm0zJTIxMWYwJTIxMmYwJTIxM2YwJTIxM20yJTIxMWkxMDI0JTIxMmk3NjglMjE0ZjEzLjElMjEzbTMlMjExbTIlMjExczB4OTViY2ExNGEzNmI0OTdmZCUyNTNBMHg0MGRlYmQ1MWEzYjcyMjNjJTIxMnNCQSUyNTIwUHJvcGVydHklMjUyME1hbmFnZXJzJTIxNWUxJTIxM20yJTIxMXNlcyUyMTJzYXIlMjE0djE3Mzg1NzM5NjIzMzklMjE1bTIlMjExc2VzJTIxMnNhciUyMiUyMHdpZHRoJTNEJTIyNjAwJTIyJTIwaGVpZ2h0JTNEJTIyNDUwJTIyJTIwc3R5bGUlM0QlMjJib3JkZXIlM0EwJTNCJTIyJTIwYWxsb3dmdWxsc2NyZWVuJTNEJTIyJTIyJTIwbG9hZGluZyUzRCUyMmxhenklMjIlMjByZWZlcnJlcnBvbGljeSUzRCUyMm5vLXJlZmVycmVyLXdoZW4tZG93bmdyYWRlJTIyJTNFJTNDJTJGaWZyYW1lJTNF\u00bb size=\u00bb300&#8243; css=\u00bb\u00bb][\/vc_column][\/vc_row]<\/p>\n<\/div>","protected":false},"excerpt":{"rendered":"<p>[vc_row css=\u00bb.vc_custom_1459105373109{padding-bottom: 20px !important;}\u00bb][vc_column width=\u00bb2\/3&#8243;][vc_column_text css=\u00bb.vc_custom_1738574427871{margin-top: -10px !important;}\u00bb] \u00bfListo para dar el siguiente paso? En BAPM, nuestra misi\u00f3n es ofrecer soluciones integrales, eficientes y sostenibles en la gesti\u00f3n de barrios y consorcios. Con m\u00e1s de una d\u00e9cada de trayectoria, hemos consolidado nuestra posici\u00f3n como referentes en el sector, combinando innovaci\u00f3n, tecnolog\u00eda y experiencia para superar<\/p>\n","protected":false},"author":1,"featured_media":14331,"parent":0,"menu_order":0,"comment_status":"closed","ping_status":"closed","template":"","meta":{"_monsterinsights_skip_tracking":false,"_monsterinsights_sitenote_active":false,"_monsterinsights_sitenote_note":"","_monsterinsights_sitenote_category":0,"footnotes":""},"class_list":["post-385","page","type-page","status-publish","has-post-thumbnail","hentry"],"aioseo_notices":[],"_links":{"self":[{"href":"https:\/\/bapm.ar\/index.php?rest_route=\/wp\/v2\/pages\/385","targetHints":{"allow":["GET"]}}],"collection":[{"href":"https:\/\/bapm.ar\/index.php?rest_route=\/wp\/v2\/pages"}],"about":[{"href":"https:\/\/bapm.ar\/index.php?rest_route=\/wp\/v2\/types\/page"}],"author":[{"embeddable":true,"href":"https:\/\/bapm.ar\/index.php?rest_route=\/wp\/v2\/users\/1"}],"replies":[{"embeddable":true,"href":"https:\/\/bapm.ar\/index.php?rest_route=%2Fwp%2Fv2%2Fcomments&post=385"}],"version-history":[{"count":6,"href":"https:\/\/bapm.ar\/index.php?rest_route=\/wp\/v2\/pages\/385\/revisions"}],"predecessor-version":[{"id":14513,"href":"https:\/\/bapm.ar\/index.php?rest_route=\/wp\/v2\/pages\/385\/revisions\/14513"}],"wp:featuredmedia":[{"embeddable":true,"href":"https:\/\/bapm.ar\/index.php?rest_route=\/wp\/v2\/media\/14331"}],"wp:attachment":[{"href":"https:\/\/bapm.ar\/index.php?rest_route=%2Fwp%2Fv2%2Fmedia&parent=385"}],"curies":[{"name":"wp","href":"https:\/\/api.w.org\/{rel}","templated":true}]}}